{"id":128,"date":"2023-09-03T19:42:17","date_gmt":"2023-09-03T17:42:17","guid":{"rendered":"http:\/\/poumonvertsaintmitre.fr\/?page_id=128"},"modified":"2024-10-06T10:04:28","modified_gmt":"2024-10-06T08:04:28","slug":"dossiers","status":"publish","type":"page","link":"https:\/\/poumonvertsaintmitre.fr\/index.php\/dossiers\/","title":{"rendered":"Dossiers"},"content":{"rendered":"\n<hr class=\"wp-block-separator has-alpha-channel-opacity\"\/>\n\n\n\n<p class=\"has-medium-font-size\"><strong>Consultez l&rsquo;int\u00e9gralit\u00e9 de nos <a href=\"https:\/\/drive.google.com\/drive\/folders\/148zpJ1lc_SATnngVXNxXc0vMIeH8r7fR?usp=drive_link\" data-type=\"link\" data-id=\"https:\/\/drive.google.com\/drive\/folders\/148zpJ1lc_SATnngVXNxXc0vMIeH8r7fR?usp=drive_link\">Dossiers partag\u00e9s en ligne<\/a><\/strong><\/p>\n\n\n\n<p class=\"has-medium-font-size\"><span style=\"text-decoration: underline;\"><strong>Combats en cours :<\/strong><\/span><\/p>\n\n\n\n<p class=\"has-medium-font-size\"><a href=\"https:\/\/drive.google.com\/drive\/folders\/1wdf3plgMalaXjHmLlu8cy9zH9VRnWdnC?usp=drive_link\" target=\"_blank\" rel=\"noreferrer noopener\">Alerte sanitaire sur le Vallon Dol<\/a><\/p>\n\n\n\n<p class=\"has-medium-font-size\"><a href=\"https:\/\/drive.google.com\/drive\/folders\/1YsZpKL7z7gAXEnTvgfo3EbzAIqcg3Z7E?usp=drive_link\" target=\"_blank\" rel=\"noreferrer noopener\">La lutte contre les d\u00e9charges<\/a><\/p>\n\n\n\n<p class=\"has-medium-font-size\"><a href=\"https:\/\/drive.google.com\/drive\/folders\/1AAnhaVE8pPGQwjoPd6RP15SFb2Jq53rC?usp=drive_link\" target=\"_blank\" rel=\"noreferrer noopener\">La pr\u00e9servation de la chouette chev\u00eache<\/a><\/p>\n\n\n\n<p class=\"has-medium-font-size\"><a href=\"https:\/\/drive.google.com\/drive\/folders\/1NSckh9Yk8aPI1U_Xdt5Gz0A-hoNTvM_d?usp=drive_link\" target=\"_blank\" rel=\"noreferrer noopener\">La suppression des emplacements r\u00e9serv\u00e9s pour l&rsquo;ex-LINEA<\/a><\/p>\n\n\n\n<p class=\"has-medium-font-size\"><a href=\"https:\/\/drive.google.com\/drive\/folders\/1KGbUKKYeiOn8EE9lJIChdXLM7HwxRFYF?usp=drive_link\" target=\"_blank\" rel=\"noreferrer noopener\">La voie verte<\/a><\/p>\n\n\n\n<p class=\"has-medium-font-size\"><a href=\"https:\/\/drive.google.com\/drive\/folders\/1uCEYg2jil8VY7s-RGMmFqXksIdCu13wW?usp=drive_link\" target=\"_blank\" rel=\"noreferrer noopener\">Le tramway des collines<\/a><\/p>\n\n\n\n<p class=\"has-medium-font-size\"><a href=\"https:\/\/drive.google.com\/drive\/folders\/1OxuFBu9m_XOeqakHCJ_PteT6orpD3HcZ?usp=drive_link\" target=\"_blank\" rel=\"noreferrer noopener\">Protection de la ressource en eau \u00e0 St Mitre<\/a><\/p>\n\n\n\n<p class=\"has-medium-font-size\"><a href=\"https:\/\/drive.google.com\/drive\/folders\/1qZYo-eA4x02zhKA41JylrnqoxPw81sxt?usp=drive_link\" target=\"_blank\" rel=\"noreferrer noopener\">Sanctuarisation des terres agricoles intra-urbaines<\/a><\/p>\n\n\n\n<p class=\"has-medium-font-size\"><span style=\"text-decoration: underline;\"><strong>Archives :<\/strong><\/span><\/p>\n\n\n\n<p class=\"has-medium-font-size\"><a href=\"https:\/\/drive.google.com\/drive\/folders\/1TlYiYaTj77iaAz2FZjWKWSZrdVOJ-_j4?usp=drive_link\" target=\"_blank\" rel=\"noreferrer noopener\">Nos contributions aux PLUi<\/a><\/p>\n\n\n\n<p class=\"has-medium-font-size\"><span style=\"text-decoration: underline;\"><a href=\"https:\/\/drive.google.com\/drive\/folders\/1BVTiZL_AEVH3iWQk-qD0JzMAAGzeoKJS?usp=drive_link\" data-type=\"link\" data-id=\"https:\/\/drive.google.com\/drive\/folders\/1BVTiZL_AEVH3iWQk-qD0JzMAAGzeoKJS?usp=drive_link\" target=\"_blank\" rel=\"noreferrer noopener\">PDU M\u00e9tropolitain<\/a><\/span><\/p>\n\n\n\n<p class=\"has-medium-font-size\"><a href=\"https:\/\/drive.google.com\/drive\/folders\/1cp1oY1MpH91twyLNX-fr-EWR_aLsUaOb?usp=drive_link\" data-type=\"link\" data-id=\"https:\/\/drive.google.com\/drive\/folders\/1cp1oY1MpH91twyLNX-fr-EWR_aLsUaOb?usp=drive_link\" target=\"_blank\" rel=\"noreferrer noopener\">LINEA<\/a><\/p>\n\n\n\n<p><\/p>\n","protected":false},"excerpt":{"rendered":"<p>Consultez l&rsquo;int\u00e9gralit\u00e9 de nos Dossiers partag\u00e9s en ligne Combats en cours : Alerte sanitaire sur le Vallon Dol La lutte contre les d\u00e9charges La pr\u00e9servation de la chouette chev\u00eache La suppression des emplacements r\u00e9serv\u00e9s pour l&rsquo;ex-LINEA La voie verte Le tramway des collines Protection de la ressource en eau \u00e0 St Mitre Sanctuarisation des terres [&hellip;]<\/p>\n","protected":false},"author":1,"featured_media":0,"parent":0,"menu_order":0,"comment_status":"closed","ping_status":"closed","template":"","meta":{"footnotes":""},"class_list":["post-128","page","type-page","status-publish","hentry"],"_links":{"self":[{"href":"https:\/\/poumonvertsaintmitre.fr\/index.php\/wp-json\/wp\/v2\/pages\/128","targetHints":{"allow":["GET"]}}],"collection":[{"href":"https:\/\/poumonvertsaintmitre.fr\/index.php\/wp-json\/wp\/v2\/pages"}],"about":[{"href":"https:\/\/poumonvertsaintmitre.fr\/index.php\/wp-json\/wp\/v2\/types\/page"}],"author":[{"embeddable":true,"href":"https:\/\/poumonvertsaintmitre.fr\/index.php\/wp-json\/wp\/v2\/users\/1"}],"replies":[{"embeddable":true,"href":"https:\/\/poumonvertsaintmitre.fr\/index.php\/wp-json\/wp\/v2\/comments?post=128"}],"version-history":[{"count":19,"href":"https:\/\/poumonvertsaintmitre.fr\/index.php\/wp-json\/wp\/v2\/pages\/128\/revisions"}],"predecessor-version":[{"id":442,"href":"https:\/\/poumonvertsaintmitre.fr\/index.php\/wp-json\/wp\/v2\/pages\/128\/revisions\/442"}],"wp:attachment":[{"href":"https:\/\/poumonvertsaintmitre.fr\/index.php\/wp-json\/wp\/v2\/media?parent=128"}],"curies":[{"name":"wp","href":"https:\/\/api.w.org\/{rel}","templated":true}]}}